{"id":82,"date":"2020-01-30T20:36:09","date_gmt":"2020-01-30T19:36:09","guid":{"rendered":"https:\/\/www.creativemash.de\/cmMySQL\/?page_id=82"},"modified":"2020-02-09T22:34:50","modified_gmt":"2020-02-09T21:34:50","slug":"ueber-uns","status":"publish","type":"page","link":"https:\/\/www.creativemash.de\/index.php\/ueber-uns\/","title":{"rendered":"\u00dcber uns"},"content":{"rendered":"\n<p>Wir entwickeln kreative Konzepte\nf\u00fcr Ihr Unternehmen.<\/p>\n\n\n\n<p>Unsere multimedialen Kreationen setzen Ma\u00dfst\u00e4be bei Innovation, Effizienz und Qualit\u00e4t. <\/p>\n\n\n\n<p>Dabei arbeiten wir f\u00fcr kleine und gro\u00dfe Kunden aus Medien und Wirtschaft. <\/p>\n\n\n\n<p>Hier finden Sie (demn\u00e4chst) bereits realisierte Visionen.<\/p>\n\n\n\n<figure class=\"wp-block-video\"><video autoplay src=\"https:\/\/www.creativemash.de\/wp-content\/uploads\/2020\/02\/CM_Abbinder_akt.mp4\"><\/video><\/figure>\n\n\n\n<div class=\"alignnormal\"><div id=\"metaslider-id-376\" style=\"width: 100%;\" class=\"ml-slider-3-90-1 metaslider metaslider-flex metaslider-376 ml-slider ms-theme-default nav-hidden\" role=\"region\" aria-roledescription=\"Slideshow\" aria-label=\"Logo\">\n    <div id=\"metaslider_container_376\">\n        <div id=\"metaslider_376\">\n            <ul class='slides'>\n                <li style=\"display: block; width: 100%;\" class=\"slide-383 ms-image \" aria-roledescription=\"slide\" aria-label=\"slide-383\"><img loading=\"lazy\" decoding=\"async\" src=\"https:\/\/www.creativemash.de\/wp-content\/uploads\/2020\/02\/cm_slides2_01-720x360.jpg\" height=\"600\" width=\"1200\" alt=\"creative mash logo\" class=\"slider-376 slide-383\" title=\"cm_slides2_01\" \/><\/li>\n                <li style=\"display: none; width: 100%;\" class=\"slide-384 ms-image \" aria-roledescription=\"slide\" aria-label=\"slide-384\"><img loading=\"lazy\" decoding=\"async\" src=\"https:\/\/www.creativemash.de\/wp-content\/uploads\/2020\/02\/cm_slides2_02-720x360.jpg\" height=\"600\" width=\"1200\" alt=\"creative mash logo\" class=\"slider-376 slide-384\" title=\"cm_slides2_02\" \/><\/li>\n                <li style=\"display: none; width: 100%;\" class=\"slide-385 ms-image \" aria-roledescription=\"slide\" aria-label=\"slide-385\"><img loading=\"lazy\" decoding=\"async\" src=\"https:\/\/www.creativemash.de\/wp-content\/uploads\/2020\/02\/cm_slides2_03-720x360.jpg\" height=\"600\" width=\"1200\" alt=\"creative mash logo\" class=\"slider-376 slide-385\" title=\"cm_slides2_03\" \/><\/li>\n                <li style=\"display: none; width: 100%;\" class=\"slide-386 ms-image \" aria-roledescription=\"slide\" aria-label=\"slide-386\"><img loading=\"lazy\" decoding=\"async\" src=\"https:\/\/www.creativemash.de\/wp-content\/uploads\/2020\/02\/cm_slides2_04-720x360.jpg\" height=\"600\" width=\"1200\" alt=\"creative mash logo\" class=\"slider-376 slide-386\" title=\"cm_slides2_04\" \/><\/li>\n                <li style=\"display: none; width: 100%;\" class=\"slide-387 ms-image \" aria-roledescription=\"slide\" aria-label=\"slide-387\"><img loading=\"lazy\" decoding=\"async\" src=\"https:\/\/www.creativemash.de\/wp-content\/uploads\/2020\/02\/cm_slides2_05-720x360.jpg\" height=\"600\" width=\"1200\" alt=\"creative mash logo\" class=\"slider-376 slide-387\" title=\"cm_slides2_05\" \/><\/li>\n                <li style=\"display: none; width: 100%;\" class=\"slide-388 ms-image \" aria-roledescription=\"slide\" aria-label=\"slide-388\"><img loading=\"lazy\" decoding=\"async\" src=\"https:\/\/www.creativemash.de\/wp-content\/uploads\/2020\/02\/cm_slides2_06-720x360.jpg\" height=\"600\" width=\"1200\" alt=\"creative mash logo\" class=\"slider-376 slide-388\" title=\"cm_slides2_06\" \/><\/li>\n            <\/ul>\n        <\/div>\n        \n    <\/div>\n<\/div><\/div>\n\n\n\n<p class=\"schrift-hoch\">Auf Anfrage senden wir\nIhnen gerne weitere Referenzen zu.<\/p>\n","protected":false},"excerpt":{"rendered":"<p>Wir entwickeln kreative Konzepte f\u00fcr Ihr Unternehmen. Unsere multimedialen Kreationen setzen Ma\u00dfst\u00e4be bei Innovation, Effizienz und Qualit\u00e4t. Dabei arbeiten wir f\u00fcr kleine und gro\u00dfe Kunden aus Medien und Wirtschaft. Hier &#8230; <a class=\"read-more\" href=\"https:\/\/www.creativemash.de\/index.php\/ueber-uns\/\"> <\/p>\n<p>Den ganzen Beitrag lesen &raquo;<\/p>\n<p><\/a><\/p>\n","protected":false},"author":1,"featured_media":0,"parent":0,"menu_order":0,"comment_status":"closed","ping_status":"closed","template":"","meta":{"footnotes":""},"class_list":["post-82","page","type-page","status-publish","hentry"],"yoast_head":"<!-- This site is optimized with the Yoast SEO plugin v23.3 - https:\/\/yoast.com\/wordpress\/plugins\/seo\/ -->\n<title>\u00dcber uns - creative mash<\/title>\n<meta name=\"description\" content=\"Wir entwickeln kreative Konzepte f\u00fcr Ihr Unternehmen. Unsere multimedialen Kreationen setzen Ma\u00dfst\u00e4be bei Innovation, Effizienz und Qualit\u00e4t.\" \/>\n<meta name=\"robots\" content=\"index, follow, max-snippet:-1, max-image-preview:large, max-video-preview:-1\" \/>\n<link rel=\"canonical\" href=\"https:\/\/www.creativemash.de\/index.php\/ueber-uns\/\" \/>\n<meta property=\"og:locale\" content=\"de_DE\" \/>\n<meta property=\"og:type\" content=\"article\" \/>\n<meta property=\"og:title\" content=\"\u00dcber uns - creative mash\" \/>\n<meta property=\"og:description\" content=\"Wir entwickeln kreative Konzepte f\u00fcr Ihr Unternehmen. Unsere multimedialen Kreationen setzen Ma\u00dfst\u00e4be bei Innovation, Effizienz und Qualit\u00e4t.\" \/>\n<meta property=\"og:url\" content=\"https:\/\/www.creativemash.de\/index.php\/ueber-uns\/\" \/>\n<meta property=\"og:site_name\" content=\"creative mash\" \/>\n<meta property=\"article:modified_time\" content=\"2020-02-09T21:34:50+00:00\" \/>\n<meta name=\"twitter:card\" content=\"summary_large_image\" \/>\n<script type=\"application\/ld+json\" class=\"yoast-schema-graph\">{\"@context\":\"https:\/\/schema.org\",\"@graph\":[{\"@type\":\"WebPage\",\"@id\":\"https:\/\/www.creativemash.de\/index.php\/ueber-uns\/\",\"url\":\"https:\/\/www.creativemash.de\/index.php\/ueber-uns\/\",\"name\":\"\u00dcber uns - creative mash\",\"isPartOf\":{\"@id\":\"https:\/\/www.creativemash.de\/#website\"},\"datePublished\":\"2020-01-30T19:36:09+00:00\",\"dateModified\":\"2020-02-09T21:34:50+00:00\",\"description\":\"Wir entwickeln kreative Konzepte f\u00fcr Ihr Unternehmen. Unsere multimedialen Kreationen setzen Ma\u00dfst\u00e4be bei Innovation, Effizienz und Qualit\u00e4t.\",\"breadcrumb\":{\"@id\":\"https:\/\/www.creativemash.de\/index.php\/ueber-uns\/#breadcrumb\"},\"inLanguage\":\"de\",\"potentialAction\":[{\"@type\":\"ReadAction\",\"target\":[\"https:\/\/www.creativemash.de\/index.php\/ueber-uns\/\"]}]},{\"@type\":\"BreadcrumbList\",\"@id\":\"https:\/\/www.creativemash.de\/index.php\/ueber-uns\/#breadcrumb\",\"itemListElement\":[{\"@type\":\"ListItem\",\"position\":1,\"name\":\"Home\",\"item\":\"https:\/\/www.creativemash.de\/\"},{\"@type\":\"ListItem\",\"position\":2,\"name\":\"\u00dcber uns\"}]},{\"@type\":\"WebSite\",\"@id\":\"https:\/\/www.creativemash.de\/#website\",\"url\":\"https:\/\/www.creativemash.de\/\",\"name\":\"creative mash\",\"description\":\"Your vision is welcome\",\"publisher\":{\"@id\":\"https:\/\/www.creativemash.de\/#organization\"},\"potentialAction\":[{\"@type\":\"SearchAction\",\"target\":{\"@type\":\"EntryPoint\",\"urlTemplate\":\"https:\/\/www.creativemash.de\/?s={search_term_string}\"},\"query-input\":\"required name=search_term_string\"}],\"inLanguage\":\"de\"},{\"@type\":\"Organization\",\"@id\":\"https:\/\/www.creativemash.de\/#organization\",\"name\":\"creative mash\",\"url\":\"https:\/\/www.creativemash.de\/\",\"logo\":{\"@type\":\"ImageObject\",\"inLanguage\":\"de\",\"@id\":\"https:\/\/www.creativemash.de\/#\/schema\/logo\/image\/\",\"url\":\"https:\/\/www.creativemash.de\/wp-content\/uploads\/2020\/01\/CMLogo.png\",\"contentUrl\":\"https:\/\/www.creativemash.de\/wp-content\/uploads\/2020\/01\/CMLogo.png\",\"width\":315,\"height\":126,\"caption\":\"creative mash\"},\"image\":{\"@id\":\"https:\/\/www.creativemash.de\/#\/schema\/logo\/image\/\"}}]}<\/script>\n<!-- \/ Yoast SEO plugin. -->","yoast_head_json":{"title":"\u00dcber uns - creative mash","description":"Wir entwickeln kreative Konzepte f\u00fcr Ihr Unternehmen. Unsere multimedialen Kreationen setzen Ma\u00dfst\u00e4be bei Innovation, Effizienz und Qualit\u00e4t.","robots":{"index":"index","follow":"follow","max-snippet":"max-snippet:-1","max-image-preview":"max-image-preview:large","max-video-preview":"max-video-preview:-1"},"canonical":"https:\/\/www.creativemash.de\/index.php\/ueber-uns\/","og_locale":"de_DE","og_type":"article","og_title":"\u00dcber uns - creative mash","og_description":"Wir entwickeln kreative Konzepte f\u00fcr Ihr Unternehmen. Unsere multimedialen Kreationen setzen Ma\u00dfst\u00e4be bei Innovation, Effizienz und Qualit\u00e4t.","og_url":"https:\/\/www.creativemash.de\/index.php\/ueber-uns\/","og_site_name":"creative mash","article_modified_time":"2020-02-09T21:34:50+00:00","twitter_card":"summary_large_image","schema":{"@context":"https:\/\/schema.org","@graph":[{"@type":"WebPage","@id":"https:\/\/www.creativemash.de\/index.php\/ueber-uns\/","url":"https:\/\/www.creativemash.de\/index.php\/ueber-uns\/","name":"\u00dcber uns - creative mash","isPartOf":{"@id":"https:\/\/www.creativemash.de\/#website"},"datePublished":"2020-01-30T19:36:09+00:00","dateModified":"2020-02-09T21:34:50+00:00","description":"Wir entwickeln kreative Konzepte f\u00fcr Ihr Unternehmen. Unsere multimedialen Kreationen setzen Ma\u00dfst\u00e4be bei Innovation, Effizienz und Qualit\u00e4t.","breadcrumb":{"@id":"https:\/\/www.creativemash.de\/index.php\/ueber-uns\/#breadcrumb"},"inLanguage":"de","potentialAction":[{"@type":"ReadAction","target":["https:\/\/www.creativemash.de\/index.php\/ueber-uns\/"]}]},{"@type":"BreadcrumbList","@id":"https:\/\/www.creativemash.de\/index.php\/ueber-uns\/#breadcrumb","itemListElement":[{"@type":"ListItem","position":1,"name":"Home","item":"https:\/\/www.creativemash.de\/"},{"@type":"ListItem","position":2,"name":"\u00dcber uns"}]},{"@type":"WebSite","@id":"https:\/\/www.creativemash.de\/#website","url":"https:\/\/www.creativemash.de\/","name":"creative mash","description":"Your vision is welcome","publisher":{"@id":"https:\/\/www.creativemash.de\/#organization"},"potentialAction":[{"@type":"SearchAction","target":{"@type":"EntryPoint","urlTemplate":"https:\/\/www.creativemash.de\/?s={search_term_string}"},"query-input":"required name=search_term_string"}],"inLanguage":"de"},{"@type":"Organization","@id":"https:\/\/www.creativemash.de\/#organization","name":"creative mash","url":"https:\/\/www.creativemash.de\/","logo":{"@type":"ImageObject","inLanguage":"de","@id":"https:\/\/www.creativemash.de\/#\/schema\/logo\/image\/","url":"https:\/\/www.creativemash.de\/wp-content\/uploads\/2020\/01\/CMLogo.png","contentUrl":"https:\/\/www.creativemash.de\/wp-content\/uploads\/2020\/01\/CMLogo.png","width":315,"height":126,"caption":"creative mash"},"image":{"@id":"https:\/\/www.creativemash.de\/#\/schema\/logo\/image\/"}}]}},"_links":{"self":[{"href":"https:\/\/www.creativemash.de\/index.php\/wp-json\/wp\/v2\/pages\/82"}],"collection":[{"href":"https:\/\/www.creativemash.de\/index.php\/wp-json\/wp\/v2\/pages"}],"about":[{"href":"https:\/\/www.creativemash.de\/index.php\/wp-json\/wp\/v2\/types\/page"}],"author":[{"embeddable":true,"href":"https:\/\/www.creativemash.de\/index.php\/wp-json\/wp\/v2\/users\/1"}],"replies":[{"embeddable":true,"href":"https:\/\/www.creativemash.de\/index.php\/wp-json\/wp\/v2\/comments?post=82"}],"version-history":[{"count":19,"href":"https:\/\/www.creativemash.de\/index.php\/wp-json\/wp\/v2\/pages\/82\/revisions"}],"predecessor-version":[{"id":565,"href":"https:\/\/www.creativemash.de\/index.php\/wp-json\/wp\/v2\/pages\/82\/revisions\/565"}],"wp:attachment":[{"href":"https:\/\/www.creativemash.de\/index.php\/wp-json\/wp\/v2\/media?parent=82"}],"curies":[{"name":"wp","href":"https:\/\/api.w.org\/{rel}","templated":true}]}}