{"id":42,"date":"2020-01-30T18:29:28","date_gmt":"2020-01-30T17:29:28","guid":{"rendered":"https:\/\/www.creativemash.de\/cmMySQL\/?page_id=42"},"modified":"2024-08-21T20:56:56","modified_gmt":"2024-08-21T18:56:56","slug":"kontakt","status":"publish","type":"page","link":"https:\/\/www.creativemash.de\/index.php\/kontakt\/","title":{"rendered":"Kontakt"},"content":{"rendered":"\n<p>Wir sind ganz entschieden f\u00fcr Unterhaltung. Unterhalten Sie sich gerne mit uns dar\u00fcber:<\/p>\n\n\n\n<p>creative mash<br>T. + 49 221\u00a0 888 297 97\u00a0\u00a0 | F. + 49 221\u00a0 888 297 99<br>eMail: <a href=\"mailto:vision@creativemash.de\">vision@creativemash.de<\/a> <\/p>\n\n\n\n<div class=\"su-animate\" style=\"opacity:0;-webkit-animation-duration:3s;-webkit-animation-delay:0s;animation-duration:3s;animation-delay:0s;\" data-animation=\"bounceIn\" data-duration=\"3\" data-delay=\"0\">\n<h3 style=\"margin:2em 0 0 0;\">&#8222;Am Anfang eines gro\u00dfen Erfolges steht immer eine Vision.&#8220;<\/h3>\n<p style=\"margin:0;font-size:0.85em;font-style: italic;\">Hermann Simon<\/p>\n<\/div>\n\n\n\n<div style=\"height:62px\" aria-hidden=\"true\" class=\"wp-block-spacer\"><\/div>\n","protected":false},"excerpt":{"rendered":"<p>Wir sind ganz entschieden f\u00fcr Unterhaltung. Unterhalten Sie sich gerne mit uns dar\u00fcber:<\/p>\n","protected":false},"author":1,"featured_media":0,"parent":0,"menu_order":0,"comment_status":"closed","ping_status":"closed","template":"","meta":{"footnotes":""},"class_list":["post-42","page","type-page","status-publish","hentry"],"yoast_head":"<!-- This site is optimized with the Yoast SEO plugin v23.3 - https:\/\/yoast.com\/wordpress\/plugins\/seo\/ -->\n<title>Kontakt - creative mash Wir sind ganz entschieden f\u00fcr Unterhaltung.<\/title>\n<meta name=\"description\" content=\"Unterhalten Sie sich gerne mit uns. Am Anfang eines gro\u00dfen Erfolges steht immer eine Vision.Wir freuen uns, Ihre zu h\u00f6ren!\" \/>\n<meta name=\"robots\" content=\"index, follow, max-snippet:-1, max-image-preview:large, max-video-preview:-1\" \/>\n<link rel=\"canonical\" href=\"https:\/\/www.creativemash.de\/index.php\/kontakt\/\" \/>\n<meta property=\"og:locale\" content=\"de_DE\" \/>\n<meta property=\"og:type\" content=\"article\" \/>\n<meta property=\"og:title\" content=\"Kontakt - creative mash Wir sind ganz entschieden f\u00fcr Unterhaltung.\" \/>\n<meta property=\"og:description\" content=\"Unterhalten Sie sich gerne mit uns. Am Anfang eines gro\u00dfen Erfolges steht immer eine Vision.Wir freuen uns, Ihre zu h\u00f6ren!\" \/>\n<meta property=\"og:url\" content=\"https:\/\/www.creativemash.de\/index.php\/kontakt\/\" \/>\n<meta property=\"og:site_name\" content=\"creative mash\" \/>\n<meta property=\"article:modified_time\" content=\"2024-08-21T18:56:56+00:00\" \/>\n<meta name=\"twitter:card\" content=\"summary_large_image\" \/>\n<meta name=\"twitter:label1\" content=\"Gesch\u00e4tzte Lesezeit\" \/>\n\t<meta name=\"twitter:data1\" content=\"1\u00a0Minute\" \/>\n<script type=\"application\/ld+json\" class=\"yoast-schema-graph\">{\"@context\":\"https:\/\/schema.org\",\"@graph\":[{\"@type\":\"WebPage\",\"@id\":\"https:\/\/www.creativemash.de\/index.php\/kontakt\/\",\"url\":\"https:\/\/www.creativemash.de\/index.php\/kontakt\/\",\"name\":\"Kontakt - creative mash Wir sind ganz entschieden f\u00fcr Unterhaltung.\",\"isPartOf\":{\"@id\":\"https:\/\/www.creativemash.de\/#website\"},\"datePublished\":\"2020-01-30T17:29:28+00:00\",\"dateModified\":\"2024-08-21T18:56:56+00:00\",\"description\":\"Unterhalten Sie sich gerne mit uns. Am Anfang eines gro\u00dfen Erfolges steht immer eine Vision.Wir freuen uns, Ihre zu h\u00f6ren!\",\"breadcrumb\":{\"@id\":\"https:\/\/www.creativemash.de\/index.php\/kontakt\/#breadcrumb\"},\"inLanguage\":\"de\",\"potentialAction\":[{\"@type\":\"ReadAction\",\"target\":[\"https:\/\/www.creativemash.de\/index.php\/kontakt\/\"]}]},{\"@type\":\"BreadcrumbList\",\"@id\":\"https:\/\/www.creativemash.de\/index.php\/kontakt\/#breadcrumb\",\"itemListElement\":[{\"@type\":\"ListItem\",\"position\":1,\"name\":\"Home\",\"item\":\"https:\/\/www.creativemash.de\/\"},{\"@type\":\"ListItem\",\"position\":2,\"name\":\"Kontakt\"}]},{\"@type\":\"WebSite\",\"@id\":\"https:\/\/www.creativemash.de\/#website\",\"url\":\"https:\/\/www.creativemash.de\/\",\"name\":\"creative mash\",\"description\":\"Your vision is welcome\",\"publisher\":{\"@id\":\"https:\/\/www.creativemash.de\/#organization\"},\"potentialAction\":[{\"@type\":\"SearchAction\",\"target\":{\"@type\":\"EntryPoint\",\"urlTemplate\":\"https:\/\/www.creativemash.de\/?s={search_term_string}\"},\"query-input\":\"required name=search_term_string\"}],\"inLanguage\":\"de\"},{\"@type\":\"Organization\",\"@id\":\"https:\/\/www.creativemash.de\/#organization\",\"name\":\"creative mash\",\"url\":\"https:\/\/www.creativemash.de\/\",\"logo\":{\"@type\":\"ImageObject\",\"inLanguage\":\"de\",\"@id\":\"https:\/\/www.creativemash.de\/#\/schema\/logo\/image\/\",\"url\":\"https:\/\/www.creativemash.de\/wp-content\/uploads\/2020\/01\/CMLogo.png\",\"contentUrl\":\"https:\/\/www.creativemash.de\/wp-content\/uploads\/2020\/01\/CMLogo.png\",\"width\":315,\"height\":126,\"caption\":\"creative mash\"},\"image\":{\"@id\":\"https:\/\/www.creativemash.de\/#\/schema\/logo\/image\/\"}}]}<\/script>\n<!-- \/ Yoast SEO plugin. -->","yoast_head_json":{"title":"Kontakt - creative mash Wir sind ganz entschieden f\u00fcr Unterhaltung.","description":"Unterhalten Sie sich gerne mit uns. Am Anfang eines gro\u00dfen Erfolges steht immer eine Vision.Wir freuen uns, Ihre zu h\u00f6ren!","robots":{"index":"index","follow":"follow","max-snippet":"max-snippet:-1","max-image-preview":"max-image-preview:large","max-video-preview":"max-video-preview:-1"},"canonical":"https:\/\/www.creativemash.de\/index.php\/kontakt\/","og_locale":"de_DE","og_type":"article","og_title":"Kontakt - creative mash Wir sind ganz entschieden f\u00fcr Unterhaltung.","og_description":"Unterhalten Sie sich gerne mit uns. Am Anfang eines gro\u00dfen Erfolges steht immer eine Vision.Wir freuen uns, Ihre zu h\u00f6ren!","og_url":"https:\/\/www.creativemash.de\/index.php\/kontakt\/","og_site_name":"creative mash","article_modified_time":"2024-08-21T18:56:56+00:00","twitter_card":"summary_large_image","twitter_misc":{"Gesch\u00e4tzte Lesezeit":"1\u00a0Minute"},"schema":{"@context":"https:\/\/schema.org","@graph":[{"@type":"WebPage","@id":"https:\/\/www.creativemash.de\/index.php\/kontakt\/","url":"https:\/\/www.creativemash.de\/index.php\/kontakt\/","name":"Kontakt - creative mash Wir sind ganz entschieden f\u00fcr Unterhaltung.","isPartOf":{"@id":"https:\/\/www.creativemash.de\/#website"},"datePublished":"2020-01-30T17:29:28+00:00","dateModified":"2024-08-21T18:56:56+00:00","description":"Unterhalten Sie sich gerne mit uns. Am Anfang eines gro\u00dfen Erfolges steht immer eine Vision.Wir freuen uns, Ihre zu h\u00f6ren!","breadcrumb":{"@id":"https:\/\/www.creativemash.de\/index.php\/kontakt\/#breadcrumb"},"inLanguage":"de","potentialAction":[{"@type":"ReadAction","target":["https:\/\/www.creativemash.de\/index.php\/kontakt\/"]}]},{"@type":"BreadcrumbList","@id":"https:\/\/www.creativemash.de\/index.php\/kontakt\/#breadcrumb","itemListElement":[{"@type":"ListItem","position":1,"name":"Home","item":"https:\/\/www.creativemash.de\/"},{"@type":"ListItem","position":2,"name":"Kontakt"}]},{"@type":"WebSite","@id":"https:\/\/www.creativemash.de\/#website","url":"https:\/\/www.creativemash.de\/","name":"creative mash","description":"Your vision is welcome","publisher":{"@id":"https:\/\/www.creativemash.de\/#organization"},"potentialAction":[{"@type":"SearchAction","target":{"@type":"EntryPoint","urlTemplate":"https:\/\/www.creativemash.de\/?s={search_term_string}"},"query-input":"required name=search_term_string"}],"inLanguage":"de"},{"@type":"Organization","@id":"https:\/\/www.creativemash.de\/#organization","name":"creative mash","url":"https:\/\/www.creativemash.de\/","logo":{"@type":"ImageObject","inLanguage":"de","@id":"https:\/\/www.creativemash.de\/#\/schema\/logo\/image\/","url":"https:\/\/www.creativemash.de\/wp-content\/uploads\/2020\/01\/CMLogo.png","contentUrl":"https:\/\/www.creativemash.de\/wp-content\/uploads\/2020\/01\/CMLogo.png","width":315,"height":126,"caption":"creative mash"},"image":{"@id":"https:\/\/www.creativemash.de\/#\/schema\/logo\/image\/"}}]}},"_links":{"self":[{"href":"https:\/\/www.creativemash.de\/index.php\/wp-json\/wp\/v2\/pages\/42"}],"collection":[{"href":"https:\/\/www.creativemash.de\/index.php\/wp-json\/wp\/v2\/pages"}],"about":[{"href":"https:\/\/www.creativemash.de\/index.php\/wp-json\/wp\/v2\/types\/page"}],"author":[{"embeddable":true,"href":"https:\/\/www.creativemash.de\/index.php\/wp-json\/wp\/v2\/users\/1"}],"replies":[{"embeddable":true,"href":"https:\/\/www.creativemash.de\/index.php\/wp-json\/wp\/v2\/comments?post=42"}],"version-history":[{"count":5,"href":"https:\/\/www.creativemash.de\/index.php\/wp-json\/wp\/v2\/pages\/42\/revisions"}],"predecessor-version":[{"id":607,"href":"https:\/\/www.creativemash.de\/index.php\/wp-json\/wp\/v2\/pages\/42\/revisions\/607"}],"wp:attachment":[{"href":"https:\/\/www.creativemash.de\/index.php\/wp-json\/wp\/v2\/media?parent=42"}],"curies":[{"name":"wp","href":"https:\/\/api.w.org\/{rel}","templated":true}]}}