{"id":24,"date":"2020-01-30T17:36:16","date_gmt":"2020-01-30T16:36:16","guid":{"rendered":"https:\/\/www.creativemash.de\/cmMySQL\/?page_id=24"},"modified":"2020-02-12T16:45:37","modified_gmt":"2020-02-12T15:45:37","slug":"wat-uevver-uns-ze-sage-es","status":"publish","type":"page","link":"https:\/\/www.creativemash.de\/index.php\/ch\/wat-uevver-uns-ze-sage-es\/","title":{"rendered":"Wat \u00fcvver uns ze sage es"},"content":{"rendered":"\n<div class=\"wp-block-nk-awb nk-awb alignfull nk-awb-fullheight nk-awb-content-valign-center is-layout-flow wp-block-awb-is-layout-flow\"><div class=\"nk-awb-wrap\" data-awb-type=\"video\" data-awb-video=\"mp4:https:\/\/www.creativemash.de\/wp-content\/uploads\/converted\/creativ-mash-loop_lang_.mp4\" data-awb-video-mobile=\"false\" data-awb-parallax=\"scroll\" data-awb-parallax-speed=\"0.7\" data-awb-parallax-mobile=\"false\"><div class=\"nk-awb-inner\"><\/div><\/div><\/div>\n\n\n\n<div class=\"alignnormal\"><div id=\"metaslider-id-363\" style=\"width: 100%;\" class=\"ml-slider-3-90-1 metaslider metaslider-flex metaslider-363 ml-slider ms-theme-default nav-hidden\" role=\"region\" aria-roledescription=\"Slideshow\" aria-label=\"New Slideshow\">\n    <div id=\"metaslider_container_363\">\n        <div id=\"metaslider_363\">\n            <ul class='slides'>\n                <li style=\"display: block; width: 100%;\" class=\"slide-364 ms-image \" aria-roledescription=\"slide\" aria-label=\"slide-364\"><img loading=\"lazy\" decoding=\"async\" src=\"https:\/\/www.creativemash.de\/wp-content\/uploads\/2020\/02\/cm_slideshow_01-770x620.jpg\" height=\"620\" width=\"770\" alt=\"Start Slideshow\" class=\"slider-363 slide-364\" title=\"cm_slideshow_01\" \/><\/li>\n                <li style=\"display: none; width: 100%;\" class=\"slide-365 ms-image \" aria-roledescription=\"slide\" aria-label=\"slide-365\"><img loading=\"lazy\" decoding=\"async\" src=\"https:\/\/www.creativemash.de\/wp-content\/uploads\/2020\/02\/Screenshot_2020-02-04-creative-mash-770x620.jpg\" height=\"620\" width=\"770\" alt=\"Still\" class=\"slider-363 slide-365\" title=\"Screenshot_2020-02-04 creative mash\" \/><\/li>\n                <li style=\"display: none; width: 100%;\" class=\"slide-366 ms-image \" aria-roledescription=\"slide\" aria-label=\"slide-366\"><img loading=\"lazy\" decoding=\"async\" src=\"https:\/\/www.creativemash.de\/wp-content\/uploads\/2020\/02\/cm_slideshow_02-770x620.jpg\" height=\"620\" width=\"770\" alt=\"Digital Storytelling\" class=\"slider-363 slide-366\" title=\"cm_slideshow_02\" \/><\/li>\n                <li style=\"display: none; width: 100%;\" class=\"slide-367 ms-image \" aria-roledescription=\"slide\" aria-label=\"slide-367\"><img loading=\"lazy\" decoding=\"async\" src=\"https:\/\/www.creativemash.de\/wp-content\/uploads\/2020\/02\/cm_slideshow_03-770x620.jpg\" height=\"620\" width=\"770\" alt=\"Content Creation\" class=\"slider-363 slide-367\" title=\"cm_slideshow_03\" \/><\/li>\n                <li style=\"display: none; width: 100%;\" class=\"slide-368 ms-image \" aria-roledescription=\"slide\" aria-label=\"slide-368\"><img loading=\"lazy\" decoding=\"async\" src=\"https:\/\/www.creativemash.de\/wp-content\/uploads\/2020\/02\/cm_slideshow_04-770x620.jpg\" height=\"620\" width=\"770\" alt=\"E-Learning Development\" class=\"slider-363 slide-368\" title=\"cm_slideshow_04\" \/><\/li>\n                <li style=\"display: none; width: 100%;\" class=\"slide-369 ms-image \" aria-roledescription=\"slide\" aria-label=\"slide-369\"><img loading=\"lazy\" decoding=\"async\" src=\"https:\/\/www.creativemash.de\/wp-content\/uploads\/2020\/02\/cm_slideshow_05-770x620.jpg\" height=\"620\" width=\"770\" alt=\"Innovative Communication\" class=\"slider-363 slide-369\" title=\"cm_slideshow_05\" \/><\/li>\n                <li style=\"display: none; width: 100%;\" class=\"slide-370 ms-image \" aria-roledescription=\"slide\" aria-label=\"slide-370\"><img loading=\"lazy\" decoding=\"async\" src=\"https:\/\/www.creativemash.de\/wp-content\/uploads\/2020\/02\/cm_slideshow_06-770x620.jpg\" height=\"620\" width=\"770\" alt=\"Agile Inspiration\" class=\"slider-363 slide-370\" title=\"cm_slideshow_06\" \/><\/li>\n                <li style=\"display: none; width: 100%;\" class=\"slide-371 ms-image \" aria-roledescription=\"slide\" aria-label=\"slide-371\"><img loading=\"lazy\" decoding=\"async\" src=\"https:\/\/www.creativemash.de\/wp-content\/uploads\/2020\/02\/cm_slideshow_07-770x620.jpg\" height=\"620\" width=\"770\" alt=\"Visual Thinking\" class=\"slider-363 slide-371\" title=\"cm_slideshow_07\" \/><\/li>\n                <li style=\"display: none; width: 100%;\" class=\"slide-372 ms-image \" aria-roledescription=\"slide\" aria-label=\"slide-372\"><img loading=\"lazy\" decoding=\"async\" src=\"https:\/\/www.creativemash.de\/wp-content\/uploads\/2020\/02\/cm_slideshow_08-770x620.jpg\" height=\"620\" width=\"770\" alt=\"creative effectiveness\" class=\"slider-363 slide-372\" title=\"cm_slideshow_08\" \/><\/li>\n            <\/ul>\n        <\/div>\n        \n    <\/div>\n<\/div><\/div>\n\n\n\n<div class=\"buttons\">\n\n<button><a href=\"https:\/\/www.creativemash.de\/index.php\/ch\/referenzen\/\">Luur<\/a><\/button><button><a href=\"https:\/\/www.creativemash.de\/index.php\/ch\/kontakt-2\/\">Kontakt<\/a><\/button>\n\n<\/div>\n\n\n\n<a name=\"start\"><h1>Wat \u00fcvver uns ze sage es.<\/h1><\/a>\n\n\n\n<p>Maat us \u00fcre V\u00fcrstellunge apaate Bildcher, die sich bew\u00e4je \u2013\nin Filmcher \u00fcvver \u00fcre Krom, en Reklamebildcher oder en St\u00fcckcher f\u00f6r d\u00e4\nComputer, f\u00f6r et Internet, villeich och jet f\u00f6r de \u00c4ujelske\u00df.<\/p>\n\n\n\n<p>Mir sin akkurat d\u00e4 richtije Lade, d\u00e4 jenau f\u00f6r \u00fcch un met \u00fcch, su schnell et jeit, de Arbeit m\u00e4\u00e4t und dat h\u00e4t direktemang en Wahnsinnswirkung. <\/p>\n\n\n\n<p>Mir \u00fcvverl\u00e4je met \u00fcch, wie mer \u00fcre Krom am beste op d\u2019r Maat brenge, su dat jeder merk, wor\u00f6m et jeit un wie joot dat es.<\/p>\n\n\n\n<p>Bei uns arbeide jenau die Fachl\u00fcck, die jede Menge Erfahrung\nhan, ejal wor\u00f6m et jeit in d\u2019r \u00c4ujelske\u00df, em Web, beim Tr\u00f6mmelche r\u00fchre oder\noch beim parat maache.<\/p>\n\n\n\n<p>Wo mer all zosamme dran h\u00e4nge, dat es unsere besondere\nSpass, alles en de richtije Bildcher un Filmcher zo verpacke, su dat de\nL\u00fcckcher nur noch staune k\u00fcnne, weil et su jot es.<\/p>\n\n\n\n<p>Mer brenge Bew\u00e4gung en \u00fcre\nDraum.<\/p>\n","protected":false},"excerpt":{"rendered":"<p>LuurKontakt Wat \u00fcvver uns ze sage es. Maat us \u00fcre V\u00fcrstellunge apaate Bildcher, die sich bew\u00e4je \u2013 in Filmcher \u00fcvver \u00fcre Krom, en Reklamebildcher oder en St\u00fcckcher f\u00f6r d\u00e4 Computer, &#8230; <a class=\"read-more\" href=\"https:\/\/www.creativemash.de\/index.php\/ch\/wat-uevver-uns-ze-sage-es\/\"> <\/p>\n<p>Den ganzen Beitrag lesen &raquo;<\/p>\n<p><\/a><\/p>\n","protected":false},"author":1,"featured_media":0,"parent":0,"menu_order":0,"comment_status":"closed","ping_status":"closed","template":"page-start.php","meta":{"footnotes":""},"class_list":["post-24","page","type-page","status-publish","hentry"],"yoast_head":"<!-- This site is optimized with the Yoast SEO plugin v23.3 - https:\/\/yoast.com\/wordpress\/plugins\/seo\/ -->\n<title>Wat \u00fcvver uns ze sage es - creative mash<\/title>\n<meta name=\"description\" content=\"Wat \u00fcvver uns ze sage es. Maat us \u00fcre V\u00fcrstellunge apaate Bildcher, die sich bew\u00e4je \u2013 in Filmcher \u00fcvver \u00fcre Krom, en Reklamebildcher oder\" \/>\n<meta name=\"robots\" content=\"index, follow, max-snippet:-1, max-image-preview:large, max-video-preview:-1\" \/>\n<link rel=\"canonical\" href=\"https:\/\/www.creativemash.de\/index.php\/ch\/wat-uevver-uns-ze-sage-es\/\" \/>\n<meta property=\"og:locale\" content=\"de_DE\" \/>\n<meta property=\"og:type\" content=\"article\" \/>\n<meta property=\"og:title\" content=\"Wat \u00fcvver uns ze sage es - creative mash\" \/>\n<meta property=\"og:description\" content=\"Wat \u00fcvver uns ze sage es. Maat us \u00fcre V\u00fcrstellunge apaate Bildcher, die sich bew\u00e4je \u2013 in Filmcher \u00fcvver \u00fcre Krom, en Reklamebildcher oder\" \/>\n<meta property=\"og:url\" content=\"https:\/\/www.creativemash.de\/index.php\/ch\/wat-uevver-uns-ze-sage-es\/\" \/>\n<meta property=\"og:site_name\" content=\"creative mash\" \/>\n<meta property=\"article:modified_time\" content=\"2020-02-12T15:45:37+00:00\" \/>\n<meta name=\"twitter:card\" content=\"summary_large_image\" \/>\n<meta name=\"twitter:label1\" content=\"Gesch\u00e4tzte Lesezeit\" \/>\n\t<meta name=\"twitter:data1\" content=\"1\u00a0Minute\" \/>\n<script type=\"application\/ld+json\" class=\"yoast-schema-graph\">{\"@context\":\"https:\/\/schema.org\",\"@graph\":[{\"@type\":\"WebPage\",\"@id\":\"https:\/\/www.creativemash.de\/index.php\/ch\/wat-uevver-uns-ze-sage-es\/\",\"url\":\"https:\/\/www.creativemash.de\/index.php\/ch\/wat-uevver-uns-ze-sage-es\/\",\"name\":\"Wat \u00fcvver uns ze sage es - creative mash\",\"isPartOf\":{\"@id\":\"https:\/\/www.creativemash.de\/#website\"},\"datePublished\":\"2020-01-30T16:36:16+00:00\",\"dateModified\":\"2020-02-12T15:45:37+00:00\",\"description\":\"Wat \u00fcvver uns ze sage es. Maat us \u00fcre V\u00fcrstellunge apaate Bildcher, die sich bew\u00e4je \u2013 in Filmcher \u00fcvver \u00fcre Krom, en Reklamebildcher oder\",\"breadcrumb\":{\"@id\":\"https:\/\/www.creativemash.de\/index.php\/ch\/wat-uevver-uns-ze-sage-es\/#breadcrumb\"},\"inLanguage\":\"de\",\"potentialAction\":[{\"@type\":\"ReadAction\",\"target\":[\"https:\/\/www.creativemash.de\/index.php\/ch\/wat-uevver-uns-ze-sage-es\/\"]}]},{\"@type\":\"BreadcrumbList\",\"@id\":\"https:\/\/www.creativemash.de\/index.php\/ch\/wat-uevver-uns-ze-sage-es\/#breadcrumb\",\"itemListElement\":[{\"@type\":\"ListItem\",\"position\":1,\"name\":\"Home\",\"item\":\"https:\/\/www.creativemash.de\/\"},{\"@type\":\"ListItem\",\"position\":2,\"name\":\"Wat \u00fcvver uns ze sage es\"}]},{\"@type\":\"WebSite\",\"@id\":\"https:\/\/www.creativemash.de\/#website\",\"url\":\"https:\/\/www.creativemash.de\/\",\"name\":\"creative mash\",\"description\":\"Your vision is welcome\",\"publisher\":{\"@id\":\"https:\/\/www.creativemash.de\/#organization\"},\"potentialAction\":[{\"@type\":\"SearchAction\",\"target\":{\"@type\":\"EntryPoint\",\"urlTemplate\":\"https:\/\/www.creativemash.de\/?s={search_term_string}\"},\"query-input\":\"required name=search_term_string\"}],\"inLanguage\":\"de\"},{\"@type\":\"Organization\",\"@id\":\"https:\/\/www.creativemash.de\/#organization\",\"name\":\"creative mash\",\"url\":\"https:\/\/www.creativemash.de\/\",\"logo\":{\"@type\":\"ImageObject\",\"inLanguage\":\"de\",\"@id\":\"https:\/\/www.creativemash.de\/#\/schema\/logo\/image\/\",\"url\":\"https:\/\/www.creativemash.de\/wp-content\/uploads\/2020\/01\/CMLogo.png\",\"contentUrl\":\"https:\/\/www.creativemash.de\/wp-content\/uploads\/2020\/01\/CMLogo.png\",\"width\":315,\"height\":126,\"caption\":\"creative mash\"},\"image\":{\"@id\":\"https:\/\/www.creativemash.de\/#\/schema\/logo\/image\/\"}}]}<\/script>\n<!-- \/ Yoast SEO plugin. -->","yoast_head_json":{"title":"Wat \u00fcvver uns ze sage es - creative mash","description":"Wat \u00fcvver uns ze sage es. Maat us \u00fcre V\u00fcrstellunge apaate Bildcher, die sich bew\u00e4je \u2013 in Filmcher \u00fcvver \u00fcre Krom, en Reklamebildcher oder","robots":{"index":"index","follow":"follow","max-snippet":"max-snippet:-1","max-image-preview":"max-image-preview:large","max-video-preview":"max-video-preview:-1"},"canonical":"https:\/\/www.creativemash.de\/index.php\/ch\/wat-uevver-uns-ze-sage-es\/","og_locale":"de_DE","og_type":"article","og_title":"Wat \u00fcvver uns ze sage es - creative mash","og_description":"Wat \u00fcvver uns ze sage es. Maat us \u00fcre V\u00fcrstellunge apaate Bildcher, die sich bew\u00e4je \u2013 in Filmcher \u00fcvver \u00fcre Krom, en Reklamebildcher oder","og_url":"https:\/\/www.creativemash.de\/index.php\/ch\/wat-uevver-uns-ze-sage-es\/","og_site_name":"creative mash","article_modified_time":"2020-02-12T15:45:37+00:00","twitter_card":"summary_large_image","twitter_misc":{"Gesch\u00e4tzte Lesezeit":"1\u00a0Minute"},"schema":{"@context":"https:\/\/schema.org","@graph":[{"@type":"WebPage","@id":"https:\/\/www.creativemash.de\/index.php\/ch\/wat-uevver-uns-ze-sage-es\/","url":"https:\/\/www.creativemash.de\/index.php\/ch\/wat-uevver-uns-ze-sage-es\/","name":"Wat \u00fcvver uns ze sage es - creative mash","isPartOf":{"@id":"https:\/\/www.creativemash.de\/#website"},"datePublished":"2020-01-30T16:36:16+00:00","dateModified":"2020-02-12T15:45:37+00:00","description":"Wat \u00fcvver uns ze sage es. Maat us \u00fcre V\u00fcrstellunge apaate Bildcher, die sich bew\u00e4je \u2013 in Filmcher \u00fcvver \u00fcre Krom, en Reklamebildcher oder","breadcrumb":{"@id":"https:\/\/www.creativemash.de\/index.php\/ch\/wat-uevver-uns-ze-sage-es\/#breadcrumb"},"inLanguage":"de","potentialAction":[{"@type":"ReadAction","target":["https:\/\/www.creativemash.de\/index.php\/ch\/wat-uevver-uns-ze-sage-es\/"]}]},{"@type":"BreadcrumbList","@id":"https:\/\/www.creativemash.de\/index.php\/ch\/wat-uevver-uns-ze-sage-es\/#breadcrumb","itemListElement":[{"@type":"ListItem","position":1,"name":"Home","item":"https:\/\/www.creativemash.de\/"},{"@type":"ListItem","position":2,"name":"Wat \u00fcvver uns ze sage es"}]},{"@type":"WebSite","@id":"https:\/\/www.creativemash.de\/#website","url":"https:\/\/www.creativemash.de\/","name":"creative mash","description":"Your vision is welcome","publisher":{"@id":"https:\/\/www.creativemash.de\/#organization"},"potentialAction":[{"@type":"SearchAction","target":{"@type":"EntryPoint","urlTemplate":"https:\/\/www.creativemash.de\/?s={search_term_string}"},"query-input":"required name=search_term_string"}],"inLanguage":"de"},{"@type":"Organization","@id":"https:\/\/www.creativemash.de\/#organization","name":"creative mash","url":"https:\/\/www.creativemash.de\/","logo":{"@type":"ImageObject","inLanguage":"de","@id":"https:\/\/www.creativemash.de\/#\/schema\/logo\/image\/","url":"https:\/\/www.creativemash.de\/wp-content\/uploads\/2020\/01\/CMLogo.png","contentUrl":"https:\/\/www.creativemash.de\/wp-content\/uploads\/2020\/01\/CMLogo.png","width":315,"height":126,"caption":"creative mash"},"image":{"@id":"https:\/\/www.creativemash.de\/#\/schema\/logo\/image\/"}}]}},"_links":{"self":[{"href":"https:\/\/www.creativemash.de\/index.php\/wp-json\/wp\/v2\/pages\/24"}],"collection":[{"href":"https:\/\/www.creativemash.de\/index.php\/wp-json\/wp\/v2\/pages"}],"about":[{"href":"https:\/\/www.creativemash.de\/index.php\/wp-json\/wp\/v2\/types\/page"}],"author":[{"embeddable":true,"href":"https:\/\/www.creativemash.de\/index.php\/wp-json\/wp\/v2\/users\/1"}],"replies":[{"embeddable":true,"href":"https:\/\/www.creativemash.de\/index.php\/wp-json\/wp\/v2\/comments?post=24"}],"version-history":[{"count":16,"href":"https:\/\/www.creativemash.de\/index.php\/wp-json\/wp\/v2\/pages\/24\/revisions"}],"predecessor-version":[{"id":577,"href":"https:\/\/www.creativemash.de\/index.php\/wp-json\/wp\/v2\/pages\/24\/revisions\/577"}],"wp:attachment":[{"href":"https:\/\/www.creativemash.de\/index.php\/wp-json\/wp\/v2\/media?parent=24"}],"curies":[{"name":"wp","href":"https:\/\/api.w.org\/{rel}","templated":true}]}}