{"id":170,"date":"2020-02-03T17:57:29","date_gmt":"2020-02-03T16:57:29","guid":{"rendered":"https:\/\/www.creativemash.de\/cmMySQL\/?page_id=170"},"modified":"2020-02-09T17:00:45","modified_gmt":"2020-02-09T16:00:45","slug":"datenschotz","status":"publish","type":"page","link":"https:\/\/www.creativemash.de\/index.php\/ch\/datenschotz\/","title":{"rendered":"Dateschotz"},"content":{"rendered":"\n<h2 class=\"has-text-align-center wp-block-heading\"> K\u00fctt demn\u00e4chs in uns Muttersproch.<\/h2>\n\n\n\n<h2 class=\"has-text-align-center wp-block-heading\">Op K\u00f6lsch duurt dat l\u00e4nger.   Suulang nemmt bitte dat Huhdeutsche.<\/h2>\n","protected":false},"excerpt":{"rendered":"<p>K\u00fctt demn\u00e4chs in uns Muttersproch. Op K\u00f6lsch duurt dat l\u00e4nger. Suulang nemmt bitte dat Huhdeutsche.<\/p>\n","protected":false},"author":1,"featured_media":0,"parent":0,"menu_order":0,"comment_status":"closed","ping_status":"closed","template":"","meta":{"footnotes":""},"class_list":["post-170","page","type-page","status-publish","hentry"],"yoast_head":"<!-- This site is optimized with the Yoast SEO plugin v23.3 - https:\/\/yoast.com\/wordpress\/plugins\/seo\/ -->\n<title>Dateschotz - creative mash gitt et och demn\u00e4chs op K\u00f6lsch<\/title>\n<meta name=\"description\" content=\"Dateschotz gitt et och demn\u00e4chs in uns Muttersproch. Op K\u00f6lsch duurt dat l\u00e4nger. Suulang nemmt bitte dat Huhdeutsche.\" \/>\n<meta name=\"robots\" content=\"noindex, nofollow\" \/>\n<meta property=\"og:locale\" content=\"de_DE\" \/>\n<meta property=\"og:type\" content=\"article\" \/>\n<meta property=\"og:title\" content=\"Dateschotz - creative mash gitt et och demn\u00e4chs op K\u00f6lsch\" \/>\n<meta property=\"og:description\" content=\"Dateschotz gitt et och demn\u00e4chs in uns Muttersproch. Op K\u00f6lsch duurt dat l\u00e4nger. Suulang nemmt bitte dat Huhdeutsche.\" \/>\n<meta property=\"og:url\" content=\"https:\/\/www.creativemash.de\/index.php\/ch\/datenschotz\/\" \/>\n<meta property=\"og:site_name\" content=\"creative mash\" \/>\n<meta property=\"article:modified_time\" content=\"2020-02-09T16:00:45+00:00\" \/>\n<meta name=\"twitter:card\" content=\"summary_large_image\" \/>\n<script type=\"application\/ld+json\" class=\"yoast-schema-graph\">{\"@context\":\"https:\/\/schema.org\",\"@graph\":[{\"@type\":\"WebPage\",\"@id\":\"https:\/\/www.creativemash.de\/index.php\/ch\/datenschotz\/\",\"url\":\"https:\/\/www.creativemash.de\/index.php\/ch\/datenschotz\/\",\"name\":\"Dateschotz - creative mash gitt et och demn\u00e4chs op K\u00f6lsch\",\"isPartOf\":{\"@id\":\"https:\/\/www.creativemash.de\/#website\"},\"datePublished\":\"2020-02-03T16:57:29+00:00\",\"dateModified\":\"2020-02-09T16:00:45+00:00\",\"description\":\"Dateschotz gitt et och demn\u00e4chs in uns Muttersproch. Op K\u00f6lsch duurt dat l\u00e4nger. Suulang nemmt bitte dat Huhdeutsche.\",\"breadcrumb\":{\"@id\":\"https:\/\/www.creativemash.de\/index.php\/ch\/datenschotz\/#breadcrumb\"},\"inLanguage\":\"de\",\"potentialAction\":[{\"@type\":\"ReadAction\",\"target\":[\"https:\/\/www.creativemash.de\/index.php\/ch\/datenschotz\/\"]}]},{\"@type\":\"BreadcrumbList\",\"@id\":\"https:\/\/www.creativemash.de\/index.php\/ch\/datenschotz\/#breadcrumb\",\"itemListElement\":[{\"@type\":\"ListItem\",\"position\":1,\"name\":\"Home\",\"item\":\"https:\/\/www.creativemash.de\/\"},{\"@type\":\"ListItem\",\"position\":2,\"name\":\"Dateschotz\"}]},{\"@type\":\"WebSite\",\"@id\":\"https:\/\/www.creativemash.de\/#website\",\"url\":\"https:\/\/www.creativemash.de\/\",\"name\":\"creative mash\",\"description\":\"Your vision is welcome\",\"publisher\":{\"@id\":\"https:\/\/www.creativemash.de\/#organization\"},\"potentialAction\":[{\"@type\":\"SearchAction\",\"target\":{\"@type\":\"EntryPoint\",\"urlTemplate\":\"https:\/\/www.creativemash.de\/?s={search_term_string}\"},\"query-input\":\"required name=search_term_string\"}],\"inLanguage\":\"de\"},{\"@type\":\"Organization\",\"@id\":\"https:\/\/www.creativemash.de\/#organization\",\"name\":\"creative mash\",\"url\":\"https:\/\/www.creativemash.de\/\",\"logo\":{\"@type\":\"ImageObject\",\"inLanguage\":\"de\",\"@id\":\"https:\/\/www.creativemash.de\/#\/schema\/logo\/image\/\",\"url\":\"https:\/\/www.creativemash.de\/wp-content\/uploads\/2020\/01\/CMLogo.png\",\"contentUrl\":\"https:\/\/www.creativemash.de\/wp-content\/uploads\/2020\/01\/CMLogo.png\",\"width\":315,\"height\":126,\"caption\":\"creative mash\"},\"image\":{\"@id\":\"https:\/\/www.creativemash.de\/#\/schema\/logo\/image\/\"}}]}<\/script>\n<!-- \/ Yoast SEO plugin. -->","yoast_head_json":{"title":"Dateschotz - creative mash gitt et och demn\u00e4chs op K\u00f6lsch","description":"Dateschotz gitt et och demn\u00e4chs in uns Muttersproch. Op K\u00f6lsch duurt dat l\u00e4nger. Suulang nemmt bitte dat Huhdeutsche.","robots":{"index":"noindex","follow":"nofollow"},"og_locale":"de_DE","og_type":"article","og_title":"Dateschotz - creative mash gitt et och demn\u00e4chs op K\u00f6lsch","og_description":"Dateschotz gitt et och demn\u00e4chs in uns Muttersproch. Op K\u00f6lsch duurt dat l\u00e4nger. Suulang nemmt bitte dat Huhdeutsche.","og_url":"https:\/\/www.creativemash.de\/index.php\/ch\/datenschotz\/","og_site_name":"creative mash","article_modified_time":"2020-02-09T16:00:45+00:00","twitter_card":"summary_large_image","schema":{"@context":"https:\/\/schema.org","@graph":[{"@type":"WebPage","@id":"https:\/\/www.creativemash.de\/index.php\/ch\/datenschotz\/","url":"https:\/\/www.creativemash.de\/index.php\/ch\/datenschotz\/","name":"Dateschotz - creative mash gitt et och demn\u00e4chs op K\u00f6lsch","isPartOf":{"@id":"https:\/\/www.creativemash.de\/#website"},"datePublished":"2020-02-03T16:57:29+00:00","dateModified":"2020-02-09T16:00:45+00:00","description":"Dateschotz gitt et och demn\u00e4chs in uns Muttersproch. Op K\u00f6lsch duurt dat l\u00e4nger. Suulang nemmt bitte dat Huhdeutsche.","breadcrumb":{"@id":"https:\/\/www.creativemash.de\/index.php\/ch\/datenschotz\/#breadcrumb"},"inLanguage":"de","potentialAction":[{"@type":"ReadAction","target":["https:\/\/www.creativemash.de\/index.php\/ch\/datenschotz\/"]}]},{"@type":"BreadcrumbList","@id":"https:\/\/www.creativemash.de\/index.php\/ch\/datenschotz\/#breadcrumb","itemListElement":[{"@type":"ListItem","position":1,"name":"Home","item":"https:\/\/www.creativemash.de\/"},{"@type":"ListItem","position":2,"name":"Dateschotz"}]},{"@type":"WebSite","@id":"https:\/\/www.creativemash.de\/#website","url":"https:\/\/www.creativemash.de\/","name":"creative mash","description":"Your vision is welcome","publisher":{"@id":"https:\/\/www.creativemash.de\/#organization"},"potentialAction":[{"@type":"SearchAction","target":{"@type":"EntryPoint","urlTemplate":"https:\/\/www.creativemash.de\/?s={search_term_string}"},"query-input":"required name=search_term_string"}],"inLanguage":"de"},{"@type":"Organization","@id":"https:\/\/www.creativemash.de\/#organization","name":"creative mash","url":"https:\/\/www.creativemash.de\/","logo":{"@type":"ImageObject","inLanguage":"de","@id":"https:\/\/www.creativemash.de\/#\/schema\/logo\/image\/","url":"https:\/\/www.creativemash.de\/wp-content\/uploads\/2020\/01\/CMLogo.png","contentUrl":"https:\/\/www.creativemash.de\/wp-content\/uploads\/2020\/01\/CMLogo.png","width":315,"height":126,"caption":"creative mash"},"image":{"@id":"https:\/\/www.creativemash.de\/#\/schema\/logo\/image\/"}}]}},"_links":{"self":[{"href":"https:\/\/www.creativemash.de\/index.php\/wp-json\/wp\/v2\/pages\/170"}],"collection":[{"href":"https:\/\/www.creativemash.de\/index.php\/wp-json\/wp\/v2\/pages"}],"about":[{"href":"https:\/\/www.creativemash.de\/index.php\/wp-json\/wp\/v2\/types\/page"}],"author":[{"embeddable":true,"href":"https:\/\/www.creativemash.de\/index.php\/wp-json\/wp\/v2\/users\/1"}],"replies":[{"embeddable":true,"href":"https:\/\/www.creativemash.de\/index.php\/wp-json\/wp\/v2\/comments?post=170"}],"version-history":[{"count":3,"href":"https:\/\/www.creativemash.de\/index.php\/wp-json\/wp\/v2\/pages\/170\/revisions"}],"predecessor-version":[{"id":562,"href":"https:\/\/www.creativemash.de\/index.php\/wp-json\/wp\/v2\/pages\/170\/revisions\/562"}],"wp:attachment":[{"href":"https:\/\/www.creativemash.de\/index.php\/wp-json\/wp\/v2\/media?parent=170"}],"curies":[{"name":"wp","href":"https:\/\/api.w.org\/{rel}","templated":true}]}}